{"id":113,"date":"2022-03-30T15:38:20","date_gmt":"2022-03-30T19:38:20","guid":{"rendered":"https:\/\/www.uqac.ca\/etu-a-letranger\/?page_id=113"},"modified":"2025-03-10T15:56:48","modified_gmt":"2025-03-10T19:56:48","slug":"candidature-evenement-pedagogique","status":"publish","type":"page","link":"https:\/\/international.uqac.ca\/etudier-a-letranger\/candidature-evenement-pedagogique\/","title":{"rendered":"Candidater pour un \u00e9v\u00e9nement p\u00e9dagogique"},"content":{"rendered":"","protected":false},"excerpt":{"rendered":"","protected":false},"author":2,"featured_media":0,"parent":0,"menu_order":0,"comment_status":"closed","ping_status":"closed","template":"","meta":{"_acf_changed":false,"footnotes":""},"class_list":["post-113","page","type-page","status-publish","hentry"],"acf":[],"_links":{"self":[{"href":"https:\/\/international.uqac.ca\/etudier-a-letranger\/wp-json\/wp\/v2\/pages\/113","targetHints":{"allow":["GET"]}}],"collection":[{"href":"https:\/\/international.uqac.ca\/etudier-a-letranger\/wp-json\/wp\/v2\/pages"}],"about":[{"href":"https:\/\/international.uqac.ca\/etudier-a-letranger\/wp-json\/wp\/v2\/types\/page"}],"author":[{"embeddable":true,"href":"https:\/\/international.uqac.ca\/etudier-a-letranger\/wp-json\/wp\/v2\/users\/2"}],"replies":[{"embeddable":true,"href":"https:\/\/international.uqac.ca\/etudier-a-letranger\/wp-json\/wp\/v2\/comments?post=113"}],"version-history":[{"count":15,"href":"https:\/\/international.uqac.ca\/etudier-a-letranger\/wp-json\/wp\/v2\/pages\/113\/revisions"}],"predecessor-version":[{"id":357,"href":"https:\/\/international.uqac.ca\/etudier-a-letranger\/wp-json\/wp\/v2\/pages\/113\/revisions\/357"}],"wp:attachment":[{"href":"https:\/\/international.uqac.ca\/etudier-a-letranger\/wp-json\/wp\/v2\/media?parent=113"}],"curies":[{"name":"wp","href":"https:\/\/api.w.org\/{rel}","templated":true}]}}