{"id":21,"date":"2022-03-18T12:28:55","date_gmt":"2022-03-18T16:28:55","guid":{"rendered":"https:\/\/www.uqac.ca\/etu-a-letranger\/?page_id=21"},"modified":"2024-02-08T09:47:23","modified_gmt":"2024-02-08T14:47:23","slug":"evenement-pedagogique","status":"publish","type":"page","link":"https:\/\/international.uqac.ca\/etudier-a-letranger\/evenement-pedagogique\/","title":{"rendered":"\u00c9v\u00e9nement p\u00e9dagogique"},"content":{"rendered":"","protected":false},"excerpt":{"rendered":"","protected":false},"author":2,"featured_media":0,"parent":0,"menu_order":0,"comment_status":"closed","ping_status":"closed","template":"","meta":{"_acf_changed":false,"footnotes":""},"class_list":["post-21","page","type-page","status-publish","hentry"],"acf":[],"_links":{"self":[{"href":"https:\/\/international.uqac.ca\/etudier-a-letranger\/wp-json\/wp\/v2\/pages\/21","targetHints":{"allow":["GET"]}}],"collection":[{"href":"https:\/\/international.uqac.ca\/etudier-a-letranger\/wp-json\/wp\/v2\/pages"}],"about":[{"href":"https:\/\/international.uqac.ca\/etudier-a-letranger\/wp-json\/wp\/v2\/types\/page"}],"author":[{"embeddable":true,"href":"https:\/\/international.uqac.ca\/etudier-a-letranger\/wp-json\/wp\/v2\/users\/2"}],"replies":[{"embeddable":true,"href":"https:\/\/international.uqac.ca\/etudier-a-letranger\/wp-json\/wp\/v2\/comments?post=21"}],"version-history":[{"count":31,"href":"https:\/\/international.uqac.ca\/etudier-a-letranger\/wp-json\/wp\/v2\/pages\/21\/revisions"}],"predecessor-version":[{"id":331,"href":"https:\/\/international.uqac.ca\/etudier-a-letranger\/wp-json\/wp\/v2\/pages\/21\/revisions\/331"}],"wp:attachment":[{"href":"https:\/\/international.uqac.ca\/etudier-a-letranger\/wp-json\/wp\/v2\/media?parent=21"}],"curies":[{"name":"wp","href":"https:\/\/api.w.org\/{rel}","templated":true}]}}