{"id":248,"date":"2022-12-09T12:22:20","date_gmt":"2022-12-09T17:22:20","guid":{"rendered":"https:\/\/international.uqac.ca\/etudier-a-letranger\/?page_id=248"},"modified":"2022-12-09T12:22:20","modified_gmt":"2022-12-09T17:22:20","slug":"cout-de-la-vie-a-letranger","status":"publish","type":"page","link":"https:\/\/international.uqac.ca\/etudier-a-letranger\/cout-de-la-vie-a-letranger\/","title":{"rendered":"Co\u00fbt de la vie \u00e0 l&rsquo;\u00e9tranger"},"content":{"rendered":"","protected":false},"excerpt":{"rendered":"","protected":false},"author":2,"featured_media":0,"parent":0,"menu_order":0,"comment_status":"closed","ping_status":"closed","template":"","meta":{"_acf_changed":false,"footnotes":""},"class_list":["post-248","page","type-page","status-publish","hentry"],"acf":[],"_links":{"self":[{"href":"https:\/\/international.uqac.ca\/etudier-a-letranger\/wp-json\/wp\/v2\/pages\/248","targetHints":{"allow":["GET"]}}],"collection":[{"href":"https:\/\/international.uqac.ca\/etudier-a-letranger\/wp-json\/wp\/v2\/pages"}],"about":[{"href":"https:\/\/international.uqac.ca\/etudier-a-letranger\/wp-json\/wp\/v2\/types\/page"}],"author":[{"embeddable":true,"href":"https:\/\/international.uqac.ca\/etudier-a-letranger\/wp-json\/wp\/v2\/users\/2"}],"replies":[{"embeddable":true,"href":"https:\/\/international.uqac.ca\/etudier-a-letranger\/wp-json\/wp\/v2\/comments?post=248"}],"version-history":[{"count":1,"href":"https:\/\/international.uqac.ca\/etudier-a-letranger\/wp-json\/wp\/v2\/pages\/248\/revisions"}],"predecessor-version":[{"id":249,"href":"https:\/\/international.uqac.ca\/etudier-a-letranger\/wp-json\/wp\/v2\/pages\/248\/revisions\/249"}],"wp:attachment":[{"href":"https:\/\/international.uqac.ca\/etudier-a-letranger\/wp-json\/wp\/v2\/media?parent=248"}],"curies":[{"name":"wp","href":"https:\/\/api.w.org\/{rel}","templated":true}]}}