{"id":266,"date":"2022-12-09T15:37:27","date_gmt":"2022-12-09T20:37:27","guid":{"rendered":"https:\/\/international.uqac.ca\/etudier-a-letranger\/?page_id=266"},"modified":"2024-02-29T10:39:35","modified_gmt":"2024-02-29T15:39:35","slug":"preparer-son-sejour-detudes","status":"publish","type":"page","link":"https:\/\/international.uqac.ca\/etudier-a-letranger\/preparer-son-sejour-detudes\/","title":{"rendered":"Pr\u00e9parer son s\u00e9jour d&rsquo;\u00e9tudes"},"content":{"rendered":"","protected":false},"excerpt":{"rendered":"","protected":false},"author":2,"featured_media":0,"parent":0,"menu_order":0,"comment_status":"closed","ping_status":"closed","template":"","meta":{"_acf_changed":false,"footnotes":""},"class_list":["post-266","page","type-page","status-publish","hentry"],"acf":[],"_links":{"self":[{"href":"https:\/\/international.uqac.ca\/etudier-a-letranger\/wp-json\/wp\/v2\/pages\/266","targetHints":{"allow":["GET"]}}],"collection":[{"href":"https:\/\/international.uqac.ca\/etudier-a-letranger\/wp-json\/wp\/v2\/pages"}],"about":[{"href":"https:\/\/international.uqac.ca\/etudier-a-letranger\/wp-json\/wp\/v2\/types\/page"}],"author":[{"embeddable":true,"href":"https:\/\/international.uqac.ca\/etudier-a-letranger\/wp-json\/wp\/v2\/users\/2"}],"replies":[{"embeddable":true,"href":"https:\/\/international.uqac.ca\/etudier-a-letranger\/wp-json\/wp\/v2\/comments?post=266"}],"version-history":[{"count":2,"href":"https:\/\/international.uqac.ca\/etudier-a-letranger\/wp-json\/wp\/v2\/pages\/266\/revisions"}],"predecessor-version":[{"id":334,"href":"https:\/\/international.uqac.ca\/etudier-a-letranger\/wp-json\/wp\/v2\/pages\/266\/revisions\/334"}],"wp:attachment":[{"href":"https:\/\/international.uqac.ca\/etudier-a-letranger\/wp-json\/wp\/v2\/media?parent=266"}],"curies":[{"name":"wp","href":"https:\/\/api.w.org\/{rel}","templated":true}]}}