{"id":271,"date":"2022-12-09T15:45:35","date_gmt":"2022-12-09T20:45:35","guid":{"rendered":"https:\/\/international.uqac.ca\/etudier-a-letranger\/?page_id=271"},"modified":"2024-02-29T10:40:52","modified_gmt":"2024-02-29T15:40:52","slug":"preparer-son-evenement-pedagogique","status":"publish","type":"page","link":"https:\/\/international.uqac.ca\/etudier-a-letranger\/preparer-son-evenement-pedagogique\/","title":{"rendered":"Pr\u00e9parer son \u00e9v\u00e9nement p\u00e9dagogique"},"content":{"rendered":"","protected":false},"excerpt":{"rendered":"","protected":false},"author":2,"featured_media":0,"parent":0,"menu_order":0,"comment_status":"closed","ping_status":"closed","template":"","meta":{"_acf_changed":false,"footnotes":""},"class_list":["post-271","page","type-page","status-publish","hentry"],"acf":[],"_links":{"self":[{"href":"https:\/\/international.uqac.ca\/etudier-a-letranger\/wp-json\/wp\/v2\/pages\/271","targetHints":{"allow":["GET"]}}],"collection":[{"href":"https:\/\/international.uqac.ca\/etudier-a-letranger\/wp-json\/wp\/v2\/pages"}],"about":[{"href":"https:\/\/international.uqac.ca\/etudier-a-letranger\/wp-json\/wp\/v2\/types\/page"}],"author":[{"embeddable":true,"href":"https:\/\/international.uqac.ca\/etudier-a-letranger\/wp-json\/wp\/v2\/users\/2"}],"replies":[{"embeddable":true,"href":"https:\/\/international.uqac.ca\/etudier-a-letranger\/wp-json\/wp\/v2\/comments?post=271"}],"version-history":[{"count":2,"href":"https:\/\/international.uqac.ca\/etudier-a-letranger\/wp-json\/wp\/v2\/pages\/271\/revisions"}],"predecessor-version":[{"id":335,"href":"https:\/\/international.uqac.ca\/etudier-a-letranger\/wp-json\/wp\/v2\/pages\/271\/revisions\/335"}],"wp:attachment":[{"href":"https:\/\/international.uqac.ca\/etudier-a-letranger\/wp-json\/wp\/v2\/media?parent=271"}],"curies":[{"name":"wp","href":"https:\/\/api.w.org\/{rel}","templated":true}]}}